{"id":140,"date":"2016-02-26T14:53:23","date_gmt":"2016-02-26T13:53:23","guid":{"rendered":"http:\/\/www.fws-medien.de\/?page_id=140"},"modified":"2025-04-23T15:52:11","modified_gmt":"2025-04-23T13:52:11","slug":"leistungen","status":"publish","type":"page","link":"http:\/\/www.fws-medien.de\/?page_id=140","title":{"rendered":"Leistungen"},"content":{"rendered":"<p><span style=\"font-family: Neue Frutiger Reg; font-size: 14pt;\">In diesem Bereich finden Sie alle wichtigen Informationen \u00fcber das umfangreiche Angebot an Leistungen, die Sie nutzen k\u00f6nnen. Sollten Sie einen speziellen Wunsch haben dann z\u00f6gern Sie nicht uns zu fragen.<\/span><\/p>\n<ul id=\"961\" class=\"st-tabs\" data-tabs=\"tab\"  >\r\n        <li class=\"\">\r\n            <a href=\"#tab_item_448\">Layout \/ Print<\/a>\r\n        <\/li>\r\n    \r\n        <li class=\"\">\r\n            <a href=\"#tab_item_235\">Multimedia \/ Internet<\/a>\r\n        <\/li>\r\n    \r\n        <li class=\"\">\r\n            <a href=\"#tab_item_610\">Digitale Fotografie<\/a>\r\n        <\/li>\r\n    <\/ul><div id=\"my-tab-content-961\" class=\"tab-content\"><div class=\"tab-pane fade in \" id=\"tab_item_448\">\n<p><span class=\"Apple-style-span\" style=\"font-family: Dolce Vita Heavy; font-size: 14pt;\"><img loading=\"lazy\" class=\"alignleft wp-image-76\" src=\"http:\/\/www.fws-medien.de\/wp-content\/uploads\/2015\/09\/layout.jpg\" alt=\"layout\" width=\"400\" height=\"162\" srcset=\"http:\/\/www.fws-medien.de\/wp-content\/uploads\/2015\/09\/layout.jpg 739w, http:\/\/www.fws-medien.de\/wp-content\/uploads\/2015\/09\/layout-300x122.jpg 300w, http:\/\/www.fws-medien.de\/wp-content\/uploads\/2015\/09\/layout-600x244.jpg 600w\" sizes=\"(max-width: 400px) 100vw, 400px\" \/><span style=\"font-family: neue-frutiger-black;\">Layout und Druckvorlagen \/ Printmedien<\/span><\/span><\/p>\n<div id=\"wrapper-1\">\n<div id=\"page-content\">\n<div id=\"content-container\">\n<div id=\"main-content\">\n<div>\n<div id=\"post-10\">\n<div>\n<div id=\"wrapper-1\">\n<div id=\"page-content\">\n<div id=\"content-container\">\n<div id=\"main-content\">\n<div>\n<div id=\"post-10\">\n<div>\n<p><span style=\"font-family: Neue Frutiger Reg; font-size: 14pt;\">Wir arbeiten zuverl\u00e4ssig f\u00fcr Sie in den Bereichen Konzept und Gestaltung, Layout; Grafik-Design, Bild- und Text-Bearbeitungen, Erstellung und Betreuung von Websites.<\/span><br \/>\n<span style=\"font-family: Neue Frutiger Reg; font-size: 14pt;\"> Wer es noch braucht: auch die Film-Belichtung im Litho-Bereich haben wir immer noch im Angebot.<\/span><br \/>\n<span class=\"Apple-style-span\" style=\"font-family: Neue Frutiger Reg; font-size: 14pt;\"> F\u00fcr alle Aufgabenstellungen in diesem Bereich k\u00f6nnen wir Ihnen praxisorientierte L\u00f6sungen vorschlagen und erarbeiten. Wir arbeiten vorzugsweise in QuarkXPress und der Adobe-Collection. Daten\u00fcbernahme und Bearbeitung aus anderen Programmen \u2013 auch CorelDraw \u2013 werden auch ausgef\u00fchrt.<\/span><\/p>\n<\/div>\n<\/div>\n<\/div>\n<\/div>\n<\/div>\n<\/div>\n<\/div>\n<\/div>\n<\/div>\n<\/div>\n<\/div>\n<\/div>\n<\/div>\n<\/div>\n<p>&nbsp;<\/p>\n<div id=\"wrapper-1\">\n<div id=\"page-content\">\n<div id=\"content-container\">\n<div id=\"main-content\">\n<div>\n<div id=\"post-10\">\n<div>\n<div><span style=\"font-family: Dolce Vita Heavy; font-size: 14pt;\"><img loading=\"lazy\" class=\"alignleft wp-image-77\" src=\"http:\/\/www.fws-medien.de\/wp-content\/uploads\/2015\/09\/print.jpg\" alt=\"print\" width=\"400\" height=\"162\" srcset=\"http:\/\/www.fws-medien.de\/wp-content\/uploads\/2015\/09\/print.jpg 739w, http:\/\/www.fws-medien.de\/wp-content\/uploads\/2015\/09\/print-300x122.jpg 300w, http:\/\/www.fws-medien.de\/wp-content\/uploads\/2015\/09\/print-600x244.jpg 600w\" sizes=\"(max-width: 400px) 100vw, 400px\" \/><span style=\"font-family: Neue Frutiger Reg;\"><span style=\"font-family: neue-frutiger-black;\">Produktion und Digitaldruck<\/span> <\/span><\/span><\/p>\n<p><span style=\"font-family: Neue Frutiger Reg; font-size: 14pt;\">Kleinauflagen im Digitaldruck.<\/span><br \/>\n<span style=\"font-family: Neue Frutiger Reg; font-size: 14pt;\"> Der schnelle Weg zu Kleinauflagen, z.B. 100 farbige Visitenkarten f\u00fcr 34 \u20ac.<br \/>\nMit vierfarbigen e-prints einer Xerox DC 250 erreichen wir zwar nicht<br \/>\n<\/span><span style=\"font-family: Neue Frutiger Reg; font-size: 14pt;\">100% Offsetqualit\u00e4t, aber ann\u00e4hernd. Druckbar sind Papiere und Kartons zwischen<br \/>\n70 und 300 gr\/qm. Mal eben schnell 500 Postkarten, 200 Aufkleber auf PVC-Folie<br \/>\noder 15 Reinlayouts von A4-Foldern f\u00fcr eine Pr\u00e4sentation \u2013 kein Problem!<\/span><\/p>\n<\/div>\n<div><span style=\"font-family: Neue Frutiger Reg; font-size: 14pt;\"><strong>Print-Consult:<br \/>\n<\/strong>Einholen von Angeboten unserer Druckpartner (Regional und \u00dcberregional) und Druckabwicklung erledigen wir auch f\u00fcr Sie.<\/span><\/div>\n<\/div>\n<\/div>\n<\/div>\n<\/div>\n<\/div>\n<\/div>\n<\/div>\n<\/div><div class=\"tab-pane fade in \" id=\"tab_item_235\">\n<p><span style=\"font-family: neue-frutiger-black; font-size: 14pt;\">Homepages<\/span><br \/>\n<span style=\"font-family: Neue Frutiger Reg; font-size: 14pt;\"> Technisch ist viel machbar bei einer Website. Nur ob es sinnvoll ist, fragen wir uns manchmal.<\/span><br \/>\n<span style=\"font-family: Neue Frutiger Reg; font-size: 14pt;\"> Unsere Strategie f\u00fcr Ihre Website ist: klar gegliedert, schneller Aufbau, gut lesbar und Verzicht auf unn\u00f6tige Spielereien.<\/span><\/p>\n<p><span style=\"font-family: Neue Frutiger Reg;\"><img loading=\"lazy\" class=\"aligncenter wp-image-83 size-full\" src=\"http:\/\/www.fws-medien.de\/wp-content\/uploads\/2015\/09\/multimedia.jpg\" alt=\"multimedia\" width=\"1200\" height=\"242\" srcset=\"http:\/\/www.fws-medien.de\/wp-content\/uploads\/2015\/09\/multimedia.jpg 1200w, http:\/\/www.fws-medien.de\/wp-content\/uploads\/2015\/09\/multimedia-300x61.jpg 300w, http:\/\/www.fws-medien.de\/wp-content\/uploads\/2015\/09\/multimedia-1024x207.jpg 1024w, http:\/\/www.fws-medien.de\/wp-content\/uploads\/2015\/09\/multimedia-600x121.jpg 600w\" sizes=\"(max-width: 1200px) 100vw, 1200px\" \/><\/span><\/p>\n<p><span style=\"font-family: neue-frutiger-black; font-size: 14pt;\">CD-ROM\/DVD<\/span><br \/>\n<span style=\"font-family: Neue Frutiger Reg; font-size: 14pt;\"> Ihre Kataloge auf CD oder editierter pdf-File \u2013 kein Problem. Als Alternative zum Druck erstellen wir aus Ihren Daten Pdf-Dokumente.<\/span><br \/>\n<span style=\"font-family: Neue Frutiger Reg; font-size: 14pt;\"> Idealfall w\u00e4re ein schon produzierter Katalog f\u00fcr Printmedien umzuarbeiten. Auflagen ab 500 CD\u2019s lohnen den Aufwand.<\/span><\/p>\n<p><span style=\"font-family: neue-frutiger-black; font-size: 14pt;\">Diashow<\/span><\/p>\n<p><span style=\"font-family: Neue Frutiger Reg; font-size: 12pt;\"><img loading=\"lazy\" class=\"alignleft wp-image-86\" src=\"http:\/\/www.fws-medien.de\/wp-content\/uploads\/2015\/09\/fernseher.jpg\" alt=\"fernseher\" width=\"250\" height=\"178\" srcset=\"http:\/\/www.fws-medien.de\/wp-content\/uploads\/2015\/09\/fernseher.jpg 401w, http:\/\/www.fws-medien.de\/wp-content\/uploads\/2015\/09\/fernseher-300x214.jpg 300w\" sizes=\"(max-width: 250px) 100vw, 250px\" \/><\/span><\/p>\n<p><span style=\"font-family: Neue Frutiger Reg; font-size: 12pt;\"><span style=\"font-size: 14pt;\"><br \/>\nSie m\u00f6chten Ihre Bilder am Fernseher betrachten oder den lieben Verwandten eine Freude machen.<\/span><\/span><br \/>\n<span style=\"font-family: Neue Frutiger Reg; font-size: 14pt;\"> <span class=\"Apple-style-span\">Kaum jemand will sich eine Vielzahl gleichartiger Motive hintereinander ansehen.<br \/>\n<\/span>Nur eine gut gemachte Visualisierung bleibt im Ged\u00e4chtnis des Betrachters haften. <\/span><\/p>\n<p><span style=\"font-family: Neue Frutiger Reg; font-size: 14pt;\">Auch hier k\u00f6nnen wir Ihnen helfen.<\/span><\/p>\n<p>&nbsp;<\/p>\n<div class=\"su-spacer\" style=\"height:20px\"><\/div>\n<p><span style=\"font-family: neue-frutiger-black; font-size: 14pt;\">Kosten \/ Nutzen<\/span><\/p>\n<div id=\"tablist1-panel2\" class=\"tabcontent responsive-tabs__panel responsive-tabs__panel--active\">\n<div>\n<pre><span class=\"Apple-style-span\" style=\"font-family: Neue Frutiger Reg; font-size: 14pt;\">Die Kosten sind nicht alles.<\/span><\/pre>\n<div><span style=\"font-family: Neue Frutiger Reg; font-size: 14pt; color: #ff0000;\">Zugegeben, sie sind wichtig. Aber Sie m\u00f6chten sich nicht noch belasten mit Fragen wie:<\/span><\/div>\n<div id=\"_mcePaste\">\n<ul>\n<li><span style=\"font-family: Neue Frutiger Reg; font-size: 14pt;\">Wer soll mein Provider sein?<\/span><\/li>\n<li><span style=\"font-family: Neue Frutiger Reg; font-size: 14pt;\">Wie funktioniert das alles?<\/span><\/li>\n<li><span style=\"font-family: Neue Frutiger Reg; font-size: 14pt;\">Ist mein Wettbewerber besser im Netz dargestellt?<\/span><\/li>\n<li><span style=\"font-family: Neue Frutiger Reg; font-size: 14pt;\">Ins Internet will ich ja; ich w\u00fcrde es ja selbst machen, aber wo nehme ich die Zeit her?<\/span><\/li>\n<li><span style=\"font-family: Neue Frutiger Reg; font-size: 14pt;\">Was bringt mir das eigentlich?<\/span><\/li>\n<li><span style=\"font-family: Neue Frutiger Reg; font-size: 14pt;\">An wen wende ich mich und wer macht sowas eigentlich gut und preiswert<\/span><\/li>\n<\/ul>\n<\/div>\n<div><span style=\"font-family: neue-frutiger-black; font-size: 14pt;\"><div class=\"su-spacer\" style=\"height:20px\"><\/div>Wir, die fws Medien GmbH.<div class=\"su-spacer\" style=\"height:20px\"><\/div><\/span><\/div>\n<div>\n<span style=\"font-family: neue-frutiger-black; font-size: 14pt; color: #000000;\"> Die voraussichtlichen Kosten.<\/span><\/div>\n<div><span style=\"font-family: Neue Frutiger Reg; font-size: 14pt; color: #ff0000;\">Und was es Ihnen bringt, das h\u00e4ngt von der Pr\u00e4sentation im Internet ab. Die Kosten des Internet-Auftrittes selbst gliedern sich in drei Hauptgruppen:<\/span><\/div>\n<div>\n<ul>\n<li><span style=\"font-family: Neue Frutiger Reg; font-size: 14pt;\">Beratung, Layout und Text<\/span><\/li>\n<li><span style=\"font-family: Neue Frutiger Reg; font-size: 14pt;\">Navigations-\/Startseite-Programmierung<\/span><\/li>\n<li><span style=\"font-family: Neue Frutiger Reg; font-size: 14pt;\">Website-Programmierung der Bildschirmseiten.<\/span><\/li>\n<\/ul>\n<\/div>\n<div><span style=\"font-family: neue-frutiger-black; font-size: 14pt; color: #000000;\"><span style=\"font-family: neue-frutiger-black; font-size: 14pt;\"><div class=\"su-spacer\" style=\"height:20px\"><\/div><\/span>Kosten Beratung, Layout und Text:<\/span><\/div>\n<div id=\"_mcePaste\"><span style=\"font-family: Neue Frutiger Reg; font-size: 14pt;\">\u00a0<\/span><\/div>\n<div><span style=\"font-family: Neue Frutiger Reg; font-size: 14pt;\">Sie geben uns Stichpunkte und Bildmaterial,wir machen Ihnen ein Angebot.<\/span><\/div>\n<div id=\"_mcePaste\"><span style=\"font-family: Neue Frutiger Reg; font-size: 14pt;\">Sie haben kein Bildmaterial? Auch kein Problem, da finden wir eine g\u00fcnstige L\u00f6sung. Entweder in unseren Bildarchiven oder per <\/span><\/div>\n<div><span style=\"font-family: Neue Frutiger Reg; font-size: 14pt;\">Digitalfotografie.<\/span><\/div>\n<div id=\"_mcePaste\"><span style=\"font-family: Neue Frutiger Reg; font-size: 12pt;\"><span style=\"font-size: 14pt;\">Kosten Navigation-\/Startseite. In der Regel das 2-fache einer Bildschirmseite (siehe unten), also ca. 72,00 \u20ac<\/span>.<\/span><\/div>\n<div id=\"_mcePaste\">\u00a0<\/div>\n<div><span style=\"font-family: Neue Frutiger Reg; font-size: 12pt;\"><span style=\"font-family: neue-frutiger-black; font-size: 14pt;\">Zuerst sollte gekl\u00e4rt werden:<\/span><\/span><\/div>\n<div id=\"_mcePaste\">\n<ul>\n<li><span style=\"font-family: Neue Frutiger Reg; font-size: 14pt;\">Wie gro\u00df ist eine Bildschirmseite<\/span><\/li>\n<li><span style=\"font-family: Neue Frutiger Reg; font-size: 14pt;\">was kann man da alles unterbringen<\/span><\/li>\n<li><span style=\"font-family: Neue Frutiger Reg; font-size: 14pt;\">Navigation, Bilder, Texte, Tabellen<\/span><\/li>\n<li><span style=\"font-family: Neue Frutiger Reg; font-size: 14pt;\">bewegte Animationen, Links usw.<\/span><\/li>\n<\/ul>\n<\/div>\n<div><span style=\"font-family: Neue Frutiger Reg; font-size: 12pt;\"><span style=\"font-size: 14pt;\">Wir definieren eine Standard-Bildschirmseite so:<\/span><\/span><\/div>\n<div><span style=\"font-family: Neue Frutiger Reg; font-size: 14pt;\">F\u00fcr 17-Zoll optimiert in der Breite und bis 1,5-, max. 2-fache H\u00f6he. Inhalt<\/span><\/div>\n<div id=\"_mcePaste\"><span style=\"font-family: Neue Frutiger Reg; font-size: 12pt;\"><span style=\"font-size: 14pt;\">1 bis 2 Bilder, Texte, Tabelle, Unternavigationen.<\/span><\/span><\/div>\n<div>\u00a0<\/div>\n<div><span style=\"font-family: neue-frutiger-black; font-size: 14pt;\">Der Arbeitsumfang beinhaltet die komplette Erstellung:<\/span><\/div>\n<div><span style=\"font-family: Neue Frutiger Reg; font-size: 14pt;\">Das digitalisieren und bearbeiten (Scannen) der Bilder*, das Programmieren der Texte, Headlines, Tabellen usw. Kosten per Bildschirmseite 72,00 \u20ac<\/span><br \/>\n<span style=\"font-family: Neue Frutiger Reg; font-size: 14pt;\"> *) Wir scannen die Bilder immer hochaufgel\u00f6st und archivieren diese.<\/span><\/div>\n<div id=\"_mcePaste\"><span style=\"font-family: Neue Frutiger Reg; font-size: 12pt;\"><span style=\"font-size: 14pt;\">Es k\u00f6nnte ja sein, Sie brauchen die Bilder einmal f\u00fcr eine Druckanwendung, dann m\u00fcssen diese nicht noch einmal digitalisiert\/gescannt werden.<\/span><\/span><\/div>\n<div>\u00a0<\/div>\n<div><span style=\"font-family: neue-frutiger-black; font-size: 14pt;\">Wie k\u00f6nnten also die Kosten f\u00fcr Ihre professionelle Homepage aussehen?<\/span><\/div>\n<div><span style=\"font-family: Neue Frutiger Reg; font-size: 14pt;\">Gehen wir einmal von einem Handwerksbetrieb aus. Sie m\u00f6chten Ihre Leistungen, \u00d6ffnungszeiten, Mitarbeiter, Spezialgebiete, Muster, Preisbeispiele darstellen. Ein e-Mail-Formular f\u00fcr schnelle Kontaktaufnahme soll auch dabei sein. Sie haben ein paar Bilder, einige m\u00fcssen gemacht werden. Texte in Stichworten haben Sie sich gemacht. Wir sichten zusammen das Material und kommen zu folgendem Ergebnis:<\/span><\/div>\n<div>\n<span style=\"font-family: neue-frutiger-black; font-size: 14pt; color: #ff0000;\"> Es wird eine Homepage mit ca. f\u00fcnf Navigationspunkten und ca. 10-11 Bildschirmseiten.<\/span><\/div>\n<div>\n<span style=\"font-family: neue-frutiger-black; font-size: 14pt;\"> <div class=\"su-spacer\" style=\"height:20px\"><\/div>Unser Angebot an Sie gliedert sich dann wie folgt:<\/span><\/div>\n<div>\n<ul>\n<li><span style=\"font-family: Neue Frutiger Reg; font-size: 14pt;\">Beratung und Layout 350,00 \u20ac<\/span><\/li>\n<li><span style=\"font-family: Neue Frutiger Reg; font-size: 14pt;\">Navigation-\/Startseite 72,00 \u20ac<\/span><\/li>\n<li><span style=\"font-family: Neue Frutiger Reg; font-size: 14pt;\">Programmierung der einzelnen Bildschirmseiten: per Seite 72,00 \u20ac<\/span><\/li>\n<li><span style=\"font-family: Neue Frutiger Reg; font-size: 14pt;\">Transfer der Daten auf den Server Ihrer Wahl 36,00 \u20ac<\/span><\/li>\n<\/ul>\n<\/div>\n<div id=\"_mcePaste\"><span style=\"font-family: Neue Frutiger Reg; font-size: 14pt; color: #ff0000;\">Gesamtkosten einer Homepage mit ca. 10 Bildschirmseiten: ca. 1.200,00 \u20ac<\/span><\/div>\n<div><span style=\"font-family: Neue Frutiger Reg; font-size: 14pt;\"><br \/>\nUnser Preisbeispiel ist auf jede andere Betriebsform anwendbar. Ob Handwerk, Handel, Dienstleistung.<\/span><\/div>\n<div id=\"_mcePaste\"><span style=\"font-family: Neue Frutiger Reg; font-size: 14pt;\">Wir pr\u00e4sentieren Sie optimal im Internet. Ohne zeitaufwendigen Schnickschnack in der Darstellung. Effektiv und konsequent im Aufbau.<\/span><\/div>\n<div><span style=\"font-family: Neue Frutiger Reg; font-size: 14pt;\">Erweiterungsf\u00e4hig f\u00fcr die Anbindung an speziele Scripts, Bestellformulare, Warenk\u00f6rbe, Datenbanken.<\/span><\/div>\n<div id=\"_mcePaste\"><span style=\"font-family: Neue Frutiger Reg; font-size: 14pt;\">Der Service \u201dDavor\u201d\u2026 Sie haben noch keine Domaine (Homepage-Adresse)? Wir erledigen das f\u00fcr Sie. Namensfindung,<\/span><\/div>\n<div><span style=\"font-family: Neue Frutiger Reg; font-size: 14pt;\">Domaine-Abfrage, Reservierung\/ Registrierung und einrichten auf einem Server.<\/span><\/div>\n<div id=\"_mcePaste\"><span style=\"font-family: Neue Frutiger Reg; font-size: 14pt;\">Das Einrichten einer Internet-Adresse (Domain) hat einen einmaligen Festpreis und eine j\u00e4hrliche Geb\u00fchr. Diese Kosten des Providers (wo Ihre Internet-Seite platziert ist, z.B. t-online) sind abh\u00e4ngig von einem zu w\u00e4hlenden Tarif. Hier\u00fcber erhalten Sie gesonderte Rechnungen vom jeweiligen Provider.<\/span><\/div>\n<div>\n<span style=\"font-family: neue-frutiger-black; font-size: 14pt;\"> <div class=\"su-spacer\" style=\"height:20px\"><\/div>Wir beraten Sie gern. \u2026 und \u201eDanach\u201d.<\/span><\/div>\n<div><span style=\"font-family: Neue Frutiger Reg; font-size: 14pt;\">Nach der Erstellung Ihrer Homepage sollte sichergestellt werden, das sie optimal auffindbar ist und aktuell bleibt. Wir tragen Sie in die wichtigsten Suchmaschinen ein und verbessern das Ranking (m\u00f6glichst weit obenstehen in der Rangliste) Ihrer Homepage. Um eine Homepage aktuell zu halten, mu\u00df man mind. einmal im Monat die Seite durchgehen und notwendige Verbesserungen vornehmen. Mal ist ein Text, mal ein Bild auszuwechseln, mal ein Angebot zu aktualisieren. Hierzu unterbreiten wir Ihnen gern ein auf Ihre Homepage zugeschnittenes Angebot.<\/span><\/div>\n<div>\n<span style=\"font-family: neue-frutiger-black; font-size: 14pt; color: #ff0000;\"> Neugierig geworden? Dann nehmen Sie Kontakt mit uns auf.<\/span><\/div>\n<\/div>\n<\/div>\n<\/div><div class=\"tab-pane fade in \" id=\"tab_item_610\">\n<p><span class=\"Apple-style-span\" style=\"font-family: Dolce Vita Heavy; font-size: 14pt;\"><a href=\"http:\/\/www.fws-medien.de\/wp-content\/uploads\/2015\/09\/fotografie.jpg\"><img loading=\"lazy\" class=\"alignleft size-full wp-image-90\" src=\"http:\/\/www.fws-medien.de\/wp-content\/uploads\/2015\/09\/fotografie.jpg\" alt=\"fotografie\" width=\"245\" height=\"248\" \/><\/a><span style=\"font-family: neue-frutiger-black;\">Schnell reagieren auf besondere Termine und Ereignisse, um aktuelle Printmedien zu gestalten.<\/span><\/span><\/p>\n<div id=\"_mcePaste\">\n<div id=\"wrapper-1\">\u00a0<\/div>\n<p><span style=\"font-family: Neue Frutiger Reg; font-size: 14pt;\">Hier liegt eine St\u00e4rke der Digital-Fotografie.<br \/>\nOb f\u00fcr Hotel-\/Gastronomie, Fremdenverkehr oder f\u00fcr Handel und Gewerbe: von der Kamera direkt in den PC zur Bildbearbeitung.<br \/>\nSo sparen Sie Zeit und Kosten<br \/>\n<span style=\"color: #ff0000;\">Sie kennen ja das Sprichwort: &#8222;Ein Bild sagt mehr als tausend Worte&#8220;<\/span><\/span><\/div>\n<div id=\"wrapper-1\">\u00a0<\/div>\n<\/div><\/div>\n","protected":false},"excerpt":{"rendered":"<p>In diesem Bereich finden Sie alle wichtigen Informationen \u00fcber das umfangreiche Angebot an Leistungen, die Sie nutzen k\u00f6nnen. Sollten Sie [&hellip;]<\/p>\n","protected":false},"author":1,"featured_media":0,"parent":0,"menu_order":0,"comment_status":"closed","ping_status":"closed","template":"template-full-custom.php","meta":[],"_links":{"self":[{"href":"http:\/\/www.fws-medien.de\/index.php?rest_route=\/wp\/v2\/pages\/140"}],"collection":[{"href":"http:\/\/www.fws-medien.de\/index.php?rest_route=\/wp\/v2\/pages"}],"about":[{"href":"http:\/\/www.fws-medien.de\/index.php?rest_route=\/wp\/v2\/types\/page"}],"author":[{"embeddable":true,"href":"http:\/\/www.fws-medien.de\/index.php?rest_route=\/wp\/v2\/users\/1"}],"replies":[{"embeddable":true,"href":"http:\/\/www.fws-medien.de\/index.php?rest_route=%2Fwp%2Fv2%2Fcomments&post=140"}],"version-history":[{"count":21,"href":"http:\/\/www.fws-medien.de\/index.php?rest_route=\/wp\/v2\/pages\/140\/revisions"}],"predecessor-version":[{"id":484,"href":"http:\/\/www.fws-medien.de\/index.php?rest_route=\/wp\/v2\/pages\/140\/revisions\/484"}],"wp:attachment":[{"href":"http:\/\/www.fws-medien.de\/index.php?rest_route=%2Fwp%2Fv2%2Fmedia&parent=140"}],"curies":[{"name":"wp","href":"https:\/\/api.w.org\/{rel}","templated":true}]}}