{"id":2,"date":"2015-09-05T21:49:05","date_gmt":"2015-09-05T19:49:05","guid":{"rendered":"http:\/\/www.fws-medien.de\/?page_id=2"},"modified":"2025-04-23T13:49:07","modified_gmt":"2025-04-23T11:49:07","slug":"beispiel-seite","status":"publish","type":"page","link":"http:\/\/www.fws-medien.de\/","title":{"rendered":"Home"},"content":{"rendered":"<table style=\"border-collapse: collapse; width: 100%;\">\n<tbody>\n<tr>\n<td style=\"width: 15.647626%;\"><img loading=\"lazy\" class=\"alignleft size-full wp-image-27\" src=\"http:\/\/www.fws-medien.de\/wp-content\/uploads\/2015\/09\/dertinger.jpg\" alt=\"\" width=\"194\" height=\"249\" \/><\/td>\n<td style=\"width: 1.629123%;\">\u00a0<\/td>\n<td style=\"width: 82.723251%; text-align: left; vertical-align: bottom;\">\n<p style=\"text-align: left;\"><span style=\"font-family: Neue Frutiger Reg; font-size: 14pt;\">Ich begr\u00fc\u00dfe Sie auf unserer Website. Sch\u00f6n, dass Sie uns gefunden haben.<\/span><br \/>\n<span style=\"font-family: Neue Frutiger Reg; font-size: 14pt;\"> Mein Name ist Harry Dertinger. Ich bin der Inhaber der fws-Medien GmbH und ich m\u00f6chte Ihnen auf den n\u00e4chsten Seiten gerne zeigen, wie Sie Ihrem Unternehmen, mit unserer Unterst\u00fctzung, zu\u00a0mehr Erfolg verhelfen k\u00f6nnen.<\/span><\/p>\n<p style=\"text-align: left;\"><span style=\"font-family: Neue Frutiger Reg; font-size: 14pt;\">Wir w\u00fcrden uns Freuen auch Sie als Kunden zu gewinnen.<\/span><\/p>\n<p style=\"text-align: left;\"><span style=\"font-family: Neue Frutiger Reg; font-size: 14pt;\"><span style=\"text-decoration: underline;\">F\u00fcr Sie erreichbar:<\/span> Montags, mittwochs und freitags von 14.00 bis 18.00 Uhr,<\/span><br \/>\n<span style=\"font-family: Neue Frutiger Reg; font-size: 14pt;\">dienstags und donnerstags von 9.30 bis 13.00 und 15.00 bis 18.00 Uhr.<\/span><\/p>\n<\/td>\n<\/tr>\n<\/tbody>\n<\/table>\n<p>&nbsp;<\/p>\n<p>&nbsp;<\/p>\n","protected":false},"excerpt":{"rendered":"<p>\u00a0 Ich begr\u00fc\u00dfe Sie auf unserer Website. Sch\u00f6n, dass Sie uns gefunden haben. Mein Name ist Harry Dertinger. Ich bin [&hellip;]<\/p>\n","protected":false},"author":1,"featured_media":0,"parent":0,"menu_order":0,"comment_status":"closed","ping_status":"closed","template":"template-full-custom.php","meta":[],"_links":{"self":[{"href":"http:\/\/www.fws-medien.de\/index.php?rest_route=\/wp\/v2\/pages\/2"}],"collection":[{"href":"http:\/\/www.fws-medien.de\/index.php?rest_route=\/wp\/v2\/pages"}],"about":[{"href":"http:\/\/www.fws-medien.de\/index.php?rest_route=\/wp\/v2\/types\/page"}],"author":[{"embeddable":true,"href":"http:\/\/www.fws-medien.de\/index.php?rest_route=\/wp\/v2\/users\/1"}],"replies":[{"embeddable":true,"href":"http:\/\/www.fws-medien.de\/index.php?rest_route=%2Fwp%2Fv2%2Fcomments&post=2"}],"version-history":[{"count":41,"href":"http:\/\/www.fws-medien.de\/index.php?rest_route=\/wp\/v2\/pages\/2\/revisions"}],"predecessor-version":[{"id":471,"href":"http:\/\/www.fws-medien.de\/index.php?rest_route=\/wp\/v2\/pages\/2\/revisions\/471"}],"wp:attachment":[{"href":"http:\/\/www.fws-medien.de\/index.php?rest_route=%2Fwp%2Fv2%2Fmedia&parent=2"}],"curies":[{"name":"wp","href":"https:\/\/api.w.org\/{rel}","templated":true}]}}