{"id":54,"date":"2015-09-06T09:59:39","date_gmt":"2015-09-06T07:59:39","guid":{"rendered":"http:\/\/www.fws-medien.de\/?page_id=54"},"modified":"2025-04-23T14:26:23","modified_gmt":"2025-04-23T12:26:23","slug":"ueber-uns","status":"publish","type":"page","link":"http:\/\/www.fws-medien.de\/?page_id=54","title":{"rendered":"\u00dcber uns"},"content":{"rendered":"<p>&nbsp;<\/p>\n<p><span style=\"font-family: Neue Frutiger Reg; font-size: 12pt;\"><img loading=\"lazy\" class=\"alignleft size-full wp-image-69\" src=\"http:\/\/www.fws-medien.de\/wp-content\/uploads\/2015\/09\/uns.jpg\" alt=\"uns\" width=\"300\" height=\"167\" \/><span style=\"font-size: 14pt;\">Wir sind seit \u00fcbert 40 Jahren in der Druckvorlagenherstellung und -abwicklung t\u00e4tig.<br \/>\n<\/span><\/span><span style=\"font-family: Neue Frutiger Reg; font-size: 12pt;\"><span style=\"font-size: 14pt;\">Von einem reinen Layoutsatz-Betrieb haben wir uns zu einem Full-Service Media- und Produktionsbetrieb entwickelt.<\/span><\/span><br \/>\n<span style=\"font-family: Neue Frutiger Reg; font-size: 14pt;\"> Oberste Pr\u00e4misse sind bei uns zufriedene Kunden und \u201cbodenst\u00e4ndige Preise\u201d. Die fws Medien GmbH verf\u00fcgt \u00fcber ein solides Netzwerk an Partnern, so dass wir in der Lage sind vielseitig und flexibel auf Kundenw\u00fcnsche eingehen zu k\u00f6nnen.<\/span><\/p>\n<p><span style=\"font-family: Neue Frutiger Reg; font-size: 14pt;\"> Wenn es um Gestaltung, Umsetzung von Layouts, Produktion und Druck von Werbemitteln und Gesch\u00e4ftsdrucksachen aller Art geht, sind wir Ihr Partner. Schriftz\u00fcge und Logos gestalten wir gerne und legen den \u201eroten Faden\u201d der Wiedererkennbarkeit in Ihre Medien. Besonderen Wert legen wir auf die passende Schrift zum Produkt oder der Sparte. Wir sind keine Freund der optischen Gleichschaltung oder dem Diktat des PC\u2019s. Individualit\u00e4t zeichnet schlie\u00dflich aus<\/span><\/p>\n<p><span style=\"font-family: Neue Frutiger Reg; font-size: 14pt;\"> Wir bieten auch Poster und Banner in allen Gr\u00f6\u00dfen und auf alle Materialien sowie Beschriftungen f\u00fcr Schilder, Kfz-Lkw und H\u00e4nger oder Schaufenster.\u00a0Vor Ort bedrucken wie Papiere bis 300g und bis A3 vollfl\u00e4chig. \u00dcber den Tag 50 Visitenkarten, 250 Postkarten oder Flyer sind kein Problem.\u00a0Printservice, Internetdesign und Webhosting runden unser Angebot ab. \u00dcber 40 Jahre Berufserfahrung sorgen daf\u00fcr, dass Ihre Werbung gut ankommt.\u00a0Eben \u201cMedien-Produktion aus einem Guss\u201d.<\/span><\/p>\n","protected":false},"excerpt":{"rendered":"<p>&nbsp; Wir sind seit \u00fcbert 40 Jahren in der Druckvorlagenherstellung und -abwicklung t\u00e4tig. Von einem reinen Layoutsatz-Betrieb haben wir uns [&hellip;]<\/p>\n","protected":false},"author":1,"featured_media":0,"parent":0,"menu_order":0,"comment_status":"closed","ping_status":"closed","template":"template-full-custom.php","meta":[],"_links":{"self":[{"href":"http:\/\/www.fws-medien.de\/index.php?rest_route=\/wp\/v2\/pages\/54"}],"collection":[{"href":"http:\/\/www.fws-medien.de\/index.php?rest_route=\/wp\/v2\/pages"}],"about":[{"href":"http:\/\/www.fws-medien.de\/index.php?rest_route=\/wp\/v2\/types\/page"}],"author":[{"embeddable":true,"href":"http:\/\/www.fws-medien.de\/index.php?rest_route=\/wp\/v2\/users\/1"}],"replies":[{"embeddable":true,"href":"http:\/\/www.fws-medien.de\/index.php?rest_route=%2Fwp%2Fv2%2Fcomments&post=54"}],"version-history":[{"count":12,"href":"http:\/\/www.fws-medien.de\/index.php?rest_route=\/wp\/v2\/pages\/54\/revisions"}],"predecessor-version":[{"id":474,"href":"http:\/\/www.fws-medien.de\/index.php?rest_route=\/wp\/v2\/pages\/54\/revisions\/474"}],"wp:attachment":[{"href":"http:\/\/www.fws-medien.de\/index.php?rest_route=%2Fwp%2Fv2%2Fmedia&parent=54"}],"curies":[{"name":"wp","href":"https:\/\/api.w.org\/{rel}","templated":true}]}}